{"id":3590,"date":"2025-02-12T03:48:22","date_gmt":"2025-02-12T03:48:22","guid":{"rendered":"https:\/\/snacksus.shop\/?post_type=product&#038;p=3590"},"modified":"2025-02-12T06:41:34","modified_gmt":"2025-02-12T06:41:34","slug":"purple-hair-removal-wax-warmer-2","status":"publish","type":"product","link":"https:\/\/snacksus.shop\/es\/product\/purple-hair-removal-wax-warmer-2\/","title":{"rendered":"Purple Hair Removal Wax Warmer"},"content":{"rendered":"<p><strong><\/strong><strong><\/strong><iframe allow=\"accelerometer; autoplay; clipboard-write; encrypted-media; gyroscope; picture-in-picture\" allowfullscreen=\"\" frameborder=\"0\" height=\"315\" src=\"https:\/\/www.youtube.com\/embed\/EPONJTpbOFU\" title=\"YouTube video player\" width=\"560\"><\/iframe><br \/><strong><em><span>\u2665\u00a0<\/span>Easy operation:<\/em><\/strong> Don&#8217;t need hair removal paper. painless and anti-allergic. You just need a wax heater pot. and a spatula to apply the wax to your hairs<br \/><strong><em><span>\u2665\u00a0<\/span>Adjustable temperature Knob and auto-shut-off function:<\/em> <\/strong>The wax warmer equips a wide range of temperature from 80\u2103 to 100\u2103. It will stop working when the temperature up to 100\u2103. and it will start working again when temperature under 80 \u2103<br \/><strong><em><span>\u2665\u00a0<\/span>Through lid with three vents:<\/em> <\/strong>The waxing set with see-through cover generates the heat on the wax. accelerating the wax melting and preventing the wax contamination by dust. You can observe wax melting process more intuitive. easy control time<br \/><strong><em><span>\u2665\u00a0<\/span>Suitable for most wax types:<\/em><\/strong> The wax melting pot accommodates wax container and melts most wax format including hard wax. soft wax. 15 ounce wax cans. loose wax. bricks bikini wax kits. microwavable wax kits and hair waxing kits. etc.<br \/><em><strong><span>\u2665\u00a0<\/span>Home-use and professional salon-use:<\/strong><\/em>\u00a0Suitable for total body depilatory needs. including bikini area. back. legs. arms. facial and brazilian waxing.You can do a depilatory at home by yourself now!<\/p>\n<ul class=\"a-unordered-list a-vertical a-spacing-none\"><\/ul>\n<p><strong>FEATURES:<\/strong><br \/><span>Material: ABS<\/span><br \/><span>Color: Black<\/span><br \/><span>Product Size: Appr.18\u00d718\u00d715cm (7.1\u00d77.1\u00d76 in)<\/span><span><br \/>Capacity: 500ML\u00a0<br \/>Rated Power: 100W\u00a0<br \/>Rated Voltage: 110V \/ 220V<br \/>Frequency: 60Hz \/ 50Hz<br \/>Item Weight: 750\u00a0g (1.65lb)<\/span><br \/><span><\/span><span><\/span><\/p>\n<p><span><strong>PACKAGING INCLUDED:<\/strong><br \/>1\u00a0\u00d7 Wax Warmer(included operation instructions)<\/span><\/p>\n<p><span><strong><b>Notice:<\/b>\u00a0<\/strong><br \/><span style=\"color: #ff0000;\">* Keep the wax warmer far away from children.<\/span><\/span><br \/><span style=\"color: #ff0000;\">* Do not use it on broken or irritated skin.<\/span><br \/><span style=\"color: #ff0000;\">* Ensure the wax is not too hot before applying it to the skin.\u00a0<\/span><br \/><span style=\"color: #ff0000;\">* Do not use it within 2 hours after taking a shower or sunbathing.<\/span><br \/><span style=\"color: #ff0000;\">* Do not use it if your skin suffered any adverse reactions to wax in the past.\u00a0<\/span><br \/><span style=\"color: #ff0000;\">* If you have allergic skin. please consult your doctor before use.<\/span><\/p>","protected":false},"excerpt":{"rendered":"<p>\u2665\u00a0Easy operation: Don&#8217;t need hair removal paper. painless and anti-allergic. You just need a wax heater pot. and a spatula to apply the wax to your hairs\u2665\u00a0Adjustable temperature Knob and<\/p>","protected":false},"featured_media":3637,"comment_status":"open","ping_status":"closed","template":"","meta":[],"product_cat":[125],"product_tag":[178],"class_list":{"0":"post-3590","1":"product","2":"type-product","3":"status-publish","4":"has-post-thumbnail","6":"product_cat-cleaning-supplies","7":"product_tag-waxing-warmer","9":"first","10":"instock","11":"shipping-taxable","12":"purchasable","13":"product-type-variable"},"yoast_head":"<!-- This site is optimized with the Yoast SEO plugin v26.6 - https:\/\/yoast.com\/wordpress\/plugins\/seo\/ -->\n<title>Purple Hair Removal Wax Warmer - snacksus<\/title>\n<meta name=\"robots\" content=\"index, follow, max-snippet:-1, max-image-preview:large, max-video-preview:-1\" \/>\n<link rel=\"canonical\" href=\"https:\/\/snacksus.shop\/es\/product\/purple-hair-removal-wax-warmer-2\/\" \/>\n<meta property=\"og:locale\" content=\"es_ES\" \/>\n<meta property=\"og:type\" content=\"article\" \/>\n<meta property=\"og:title\" content=\"Purple Hair Removal Wax Warmer - snacksus\" \/>\n<meta property=\"og:description\" content=\"\u2665\u00a0Easy operation: Don&#8217;t need hair removal paper. painless and anti-allergic. You just need a wax heater pot. and a spatula to apply the wax to your hairs\u2665\u00a0Adjustable temperature Knob and\" \/>\n<meta property=\"og:url\" content=\"https:\/\/snacksus.shop\/es\/product\/purple-hair-removal-wax-warmer-2\/\" \/>\n<meta property=\"og:site_name\" content=\"snacksus\" \/>\n<meta property=\"article:modified_time\" content=\"2025-02-12T06:41:34+00:00\" \/>\n<meta name=\"twitter:card\" content=\"summary_large_image\" \/>\n<meta name=\"twitter:label1\" content=\"Est. reading time\" \/>\n\t<meta name=\"twitter:data1\" content=\"1 minuto\" \/>\n<script type=\"application\/ld+json\" class=\"yoast-schema-graph\">{\"@context\":\"https:\/\/schema.org\",\"@graph\":[{\"@type\":\"WebPage\",\"@id\":\"https:\/\/snacksus.shop\/product\/purple-hair-removal-wax-warmer-2\/\",\"url\":\"https:\/\/snacksus.shop\/product\/purple-hair-removal-wax-warmer-2\/\",\"name\":\"Purple Hair Removal Wax Warmer - snacksus\",\"isPartOf\":{\"@id\":\"https:\/\/snacksus.shop\/#website\"},\"primaryImageOfPage\":{\"@id\":\"https:\/\/snacksus.shop\/product\/purple-hair-removal-wax-warmer-2\/#primaryimage\"},\"image\":{\"@id\":\"https:\/\/snacksus.shop\/product\/purple-hair-removal-wax-warmer-2\/#primaryimage\"},\"thumbnailUrl\":\"https:\/\/snacksus.shop\/wp-content\/uploads\/2025\/02\/sku06-3.jpg\",\"datePublished\":\"2025-02-12T03:48:22+00:00\",\"dateModified\":\"2025-02-12T06:41:34+00:00\",\"breadcrumb\":{\"@id\":\"https:\/\/snacksus.shop\/product\/purple-hair-removal-wax-warmer-2\/#breadcrumb\"},\"inLanguage\":\"es-AR\",\"potentialAction\":[{\"@type\":\"ReadAction\",\"target\":[\"https:\/\/snacksus.shop\/product\/purple-hair-removal-wax-warmer-2\/\"]}]},{\"@type\":\"ImageObject\",\"inLanguage\":\"es-AR\",\"@id\":\"https:\/\/snacksus.shop\/product\/purple-hair-removal-wax-warmer-2\/#primaryimage\",\"url\":\"https:\/\/snacksus.shop\/wp-content\/uploads\/2025\/02\/sku06-3.jpg\",\"contentUrl\":\"https:\/\/snacksus.shop\/wp-content\/uploads\/2025\/02\/sku06-3.jpg\",\"width\":750,\"height\":750},{\"@type\":\"BreadcrumbList\",\"@id\":\"https:\/\/snacksus.shop\/product\/purple-hair-removal-wax-warmer-2\/#breadcrumb\",\"itemListElement\":[{\"@type\":\"ListItem\",\"position\":1,\"name\":\"\u9996\u9875\",\"item\":\"https:\/\/snacksus.shop\/\"},{\"@type\":\"ListItem\",\"position\":2,\"name\":\"Shop\",\"item\":\"https:\/\/snacksus.shop\/shop\/\"},{\"@type\":\"ListItem\",\"position\":3,\"name\":\"Purple Hair Removal Wax Warmer\"}]},{\"@type\":\"WebSite\",\"@id\":\"https:\/\/snacksus.shop\/#website\",\"url\":\"https:\/\/snacksus.shop\/\",\"name\":\"snacksus\",\"description\":\"Less price, more smile\",\"potentialAction\":[{\"@type\":\"SearchAction\",\"target\":{\"@type\":\"EntryPoint\",\"urlTemplate\":\"https:\/\/snacksus.shop\/?s={search_term_string}\"},\"query-input\":{\"@type\":\"PropertyValueSpecification\",\"valueRequired\":true,\"valueName\":\"search_term_string\"}}],\"inLanguage\":\"es-AR\"}]}<\/script>\n<!-- \/ Yoast SEO plugin. -->","yoast_head_json":{"title":"Purple Hair Removal Wax Warmer - snacksus","robots":{"index":"index","follow":"follow","max-snippet":"max-snippet:-1","max-image-preview":"max-image-preview:large","max-video-preview":"max-video-preview:-1"},"canonical":"https:\/\/snacksus.shop\/es\/product\/purple-hair-removal-wax-warmer-2\/","og_locale":"es_ES","og_type":"article","og_title":"Purple Hair Removal Wax Warmer - snacksus","og_description":"\u2665\u00a0Easy operation: Don&#8217;t need hair removal paper. painless and anti-allergic. You just need a wax heater pot. and a spatula to apply the wax to your hairs\u2665\u00a0Adjustable temperature Knob and","og_url":"https:\/\/snacksus.shop\/es\/product\/purple-hair-removal-wax-warmer-2\/","og_site_name":"snacksus","article_modified_time":"2025-02-12T06:41:34+00:00","twitter_card":"summary_large_image","twitter_misc":{"Est. reading time":"1 minuto"},"schema":{"@context":"https:\/\/schema.org","@graph":[{"@type":"WebPage","@id":"https:\/\/snacksus.shop\/product\/purple-hair-removal-wax-warmer-2\/","url":"https:\/\/snacksus.shop\/product\/purple-hair-removal-wax-warmer-2\/","name":"Purple Hair Removal Wax Warmer - snacksus","isPartOf":{"@id":"https:\/\/snacksus.shop\/#website"},"primaryImageOfPage":{"@id":"https:\/\/snacksus.shop\/product\/purple-hair-removal-wax-warmer-2\/#primaryimage"},"image":{"@id":"https:\/\/snacksus.shop\/product\/purple-hair-removal-wax-warmer-2\/#primaryimage"},"thumbnailUrl":"https:\/\/snacksus.shop\/wp-content\/uploads\/2025\/02\/sku06-3.jpg","datePublished":"2025-02-12T03:48:22+00:00","dateModified":"2025-02-12T06:41:34+00:00","breadcrumb":{"@id":"https:\/\/snacksus.shop\/product\/purple-hair-removal-wax-warmer-2\/#breadcrumb"},"inLanguage":"es-AR","potentialAction":[{"@type":"ReadAction","target":["https:\/\/snacksus.shop\/product\/purple-hair-removal-wax-warmer-2\/"]}]},{"@type":"ImageObject","inLanguage":"es-AR","@id":"https:\/\/snacksus.shop\/product\/purple-hair-removal-wax-warmer-2\/#primaryimage","url":"https:\/\/snacksus.shop\/wp-content\/uploads\/2025\/02\/sku06-3.jpg","contentUrl":"https:\/\/snacksus.shop\/wp-content\/uploads\/2025\/02\/sku06-3.jpg","width":750,"height":750},{"@type":"BreadcrumbList","@id":"https:\/\/snacksus.shop\/product\/purple-hair-removal-wax-warmer-2\/#breadcrumb","itemListElement":[{"@type":"ListItem","position":1,"name":"\u9996\u9875","item":"https:\/\/snacksus.shop\/"},{"@type":"ListItem","position":2,"name":"Shop","item":"https:\/\/snacksus.shop\/shop\/"},{"@type":"ListItem","position":3,"name":"Purple Hair Removal Wax Warmer"}]},{"@type":"WebSite","@id":"https:\/\/snacksus.shop\/#website","url":"https:\/\/snacksus.shop\/","name":"snacksus","description":"Less price, more smile","potentialAction":[{"@type":"SearchAction","target":{"@type":"EntryPoint","urlTemplate":"https:\/\/snacksus.shop\/?s={search_term_string}"},"query-input":{"@type":"PropertyValueSpecification","valueRequired":true,"valueName":"search_term_string"}}],"inLanguage":"es-AR"}]}},"_links":{"self":[{"href":"https:\/\/snacksus.shop\/es\/wp-json\/wp\/v2\/product\/3590","targetHints":{"allow":["GET"]}}],"collection":[{"href":"https:\/\/snacksus.shop\/es\/wp-json\/wp\/v2\/product"}],"about":[{"href":"https:\/\/snacksus.shop\/es\/wp-json\/wp\/v2\/types\/product"}],"replies":[{"embeddable":true,"href":"https:\/\/snacksus.shop\/es\/wp-json\/wp\/v2\/comments?post=3590"}],"version-history":[{"count":0,"href":"https:\/\/snacksus.shop\/es\/wp-json\/wp\/v2\/product\/3590\/revisions"}],"wp:featuredmedia":[{"embeddable":true,"href":"https:\/\/snacksus.shop\/es\/wp-json\/wp\/v2\/media\/3637"}],"wp:attachment":[{"href":"https:\/\/snacksus.shop\/es\/wp-json\/wp\/v2\/media?parent=3590"}],"wp:term":[{"taxonomy":"product_cat","embeddable":true,"href":"https:\/\/snacksus.shop\/es\/wp-json\/wp\/v2\/product_cat?post=3590"},{"taxonomy":"product_tag","embeddable":true,"href":"https:\/\/snacksus.shop\/es\/wp-json\/wp\/v2\/product_tag?post=3590"}],"curies":[{"name":"wp","href":"https:\/\/api.w.org\/{rel}","templated":true}]}}