{"id":3581,"date":"2025-02-12T03:48:21","date_gmt":"2025-02-12T03:48:21","guid":{"rendered":"https:\/\/snacksus.shop\/?post_type=product&#038;p=3581"},"modified":"2025-02-12T06:41:40","modified_gmt":"2025-02-12T06:41:40","slug":"wax-applicator-sticks-pack-of-100","status":"publish","type":"product","link":"https:\/\/snacksus.shop\/es\/product\/wax-applicator-sticks-pack-of-100\/","title":{"rendered":"Wax Applicator Sticks (Pack of 100)"},"content":{"rendered":"<p><strong>DESCRIPTION:<\/strong><br \/><em><strong><span>\u2665\u00a0<\/span>Efficient Wide Size: <\/strong><\/em>The wider size of the Wax Applicator Sticks makes getting an ultra smooth finish on skin quick work. Cover larger areas in less time.<br \/><strong><em><span>\u2665\u00a0<\/span>All Natural Smooth and Clean:<\/em><\/strong>\u00a0The high temperatures of hot wax can cause chemicals in synthetic sticks to leach out. Avoid potential toxins with these 100% Natural Birch Wood NSF certified wax applicator sticks.<br \/><em><strong><span>\u2665\u00a0<\/span>Excellent Value:<\/strong>\u00a0<\/em>With 100 sticks included in each package. you can purchase with that confidence that you are getting the best value for your money.<br \/><em><strong><span>\u2665\u00a0<\/span>Perfect for Multiple Areas:\u00a0<\/strong><\/em>The convenient 6 inches long by \u00be inch wide size of the Wax makes them perfect for removing hair on multiple areas of the body. Use them for the bikini or any other detailed area as well as larger areas such as the arms. legs. or back.<br \/><em><strong><span>\u2665\u00a0<\/span>Home or Salon Use:<\/strong>\u00a0<\/em>These strong. disposable sticks are best for waxing both at home and in professional salons and spas.<\/p>\n<ul class=\"a-unordered-list a-vertical a-spacing-none collapsedFeatureBullets\"><\/ul>\n<p><strong>FEATURES:<\/strong><br \/><span>Material:\u00a0Wood<\/span><br \/><span>Size: Appr.15\u00d71.8\u00d70.16 cm (6\u00d70.71\u00d70.06 in)<\/span><br \/><span>Weight: 300 g (10.6 oz)<\/span><br \/><span><\/span><span><\/span><\/p>\n<p><span><strong>PACKAGING INCLUDED:<\/strong><br \/>100pcs \u00d7 Wax Applicator Sticks<\/span><\/p>","protected":false},"excerpt":{"rendered":"<p>DESCRIPTION:\u2665\u00a0Efficient Wide Size: The wider size of the Wax Applicator Sticks makes getting an ultra smooth finish on skin quick work. Cover larger areas in less time.\u2665\u00a0All Natural Smooth and<\/p>","protected":false},"featured_media":3612,"comment_status":"open","ping_status":"closed","template":"","meta":[],"product_cat":[125],"product_tag":[177],"class_list":{"0":"post-3581","1":"product","2":"type-product","3":"status-publish","4":"has-post-thumbnail","6":"product_cat-cleaning-supplies","7":"product_tag-accessories","9":"first","10":"instock","11":"shipping-taxable","12":"purchasable","13":"product-type-simple"},"yoast_head":"<!-- This site is optimized with the Yoast SEO plugin v26.6 - https:\/\/yoast.com\/wordpress\/plugins\/seo\/ -->\n<title>Wax Applicator Sticks (Pack of 100) - snacksus<\/title>\n<meta name=\"robots\" content=\"index, follow, max-snippet:-1, max-image-preview:large, max-video-preview:-1\" \/>\n<link rel=\"canonical\" href=\"https:\/\/snacksus.shop\/es\/product\/wax-applicator-sticks-pack-of-100\/\" \/>\n<meta property=\"og:locale\" content=\"es_ES\" \/>\n<meta property=\"og:type\" content=\"article\" \/>\n<meta property=\"og:title\" content=\"Wax Applicator Sticks (Pack of 100) - snacksus\" \/>\n<meta property=\"og:description\" content=\"DESCRIPTION:\u2665\u00a0Efficient Wide Size: The wider size of the Wax Applicator Sticks makes getting an ultra smooth finish on skin quick work. Cover larger areas in less time.\u2665\u00a0All Natural Smooth and\" \/>\n<meta property=\"og:url\" content=\"https:\/\/snacksus.shop\/es\/product\/wax-applicator-sticks-pack-of-100\/\" \/>\n<meta property=\"og:site_name\" content=\"snacksus\" \/>\n<meta property=\"article:modified_time\" content=\"2025-02-12T06:41:40+00:00\" \/>\n<meta name=\"twitter:card\" content=\"summary_large_image\" \/>\n<meta name=\"twitter:label1\" content=\"Est. reading time\" \/>\n\t<meta name=\"twitter:data1\" content=\"1 minuto\" \/>\n<script type=\"application\/ld+json\" class=\"yoast-schema-graph\">{\"@context\":\"https:\/\/schema.org\",\"@graph\":[{\"@type\":\"WebPage\",\"@id\":\"https:\/\/snacksus.shop\/product\/wax-applicator-sticks-pack-of-100\/\",\"url\":\"https:\/\/snacksus.shop\/product\/wax-applicator-sticks-pack-of-100\/\",\"name\":\"Wax Applicator Sticks (Pack of 100) - snacksus\",\"isPartOf\":{\"@id\":\"https:\/\/snacksus.shop\/#website\"},\"primaryImageOfPage\":{\"@id\":\"https:\/\/snacksus.shop\/product\/wax-applicator-sticks-pack-of-100\/#primaryimage\"},\"image\":{\"@id\":\"https:\/\/snacksus.shop\/product\/wax-applicator-sticks-pack-of-100\/#primaryimage\"},\"thumbnailUrl\":\"https:\/\/snacksus.shop\/wp-content\/uploads\/2025\/02\/Stickes-1.jpg\",\"datePublished\":\"2025-02-12T03:48:21+00:00\",\"dateModified\":\"2025-02-12T06:41:40+00:00\",\"breadcrumb\":{\"@id\":\"https:\/\/snacksus.shop\/product\/wax-applicator-sticks-pack-of-100\/#breadcrumb\"},\"inLanguage\":\"es-AR\",\"potentialAction\":[{\"@type\":\"ReadAction\",\"target\":[\"https:\/\/snacksus.shop\/product\/wax-applicator-sticks-pack-of-100\/\"]}]},{\"@type\":\"ImageObject\",\"inLanguage\":\"es-AR\",\"@id\":\"https:\/\/snacksus.shop\/product\/wax-applicator-sticks-pack-of-100\/#primaryimage\",\"url\":\"https:\/\/snacksus.shop\/wp-content\/uploads\/2025\/02\/Stickes-1.jpg\",\"contentUrl\":\"https:\/\/snacksus.shop\/wp-content\/uploads\/2025\/02\/Stickes-1.jpg\",\"width\":1000,\"height\":1000},{\"@type\":\"BreadcrumbList\",\"@id\":\"https:\/\/snacksus.shop\/product\/wax-applicator-sticks-pack-of-100\/#breadcrumb\",\"itemListElement\":[{\"@type\":\"ListItem\",\"position\":1,\"name\":\"\u9996\u9875\",\"item\":\"https:\/\/snacksus.shop\/\"},{\"@type\":\"ListItem\",\"position\":2,\"name\":\"Shop\",\"item\":\"https:\/\/snacksus.shop\/shop\/\"},{\"@type\":\"ListItem\",\"position\":3,\"name\":\"Wax Applicator Sticks (Pack of 100)\"}]},{\"@type\":\"WebSite\",\"@id\":\"https:\/\/snacksus.shop\/#website\",\"url\":\"https:\/\/snacksus.shop\/\",\"name\":\"snacksus\",\"description\":\"Less price, more smile\",\"potentialAction\":[{\"@type\":\"SearchAction\",\"target\":{\"@type\":\"EntryPoint\",\"urlTemplate\":\"https:\/\/snacksus.shop\/?s={search_term_string}\"},\"query-input\":{\"@type\":\"PropertyValueSpecification\",\"valueRequired\":true,\"valueName\":\"search_term_string\"}}],\"inLanguage\":\"es-AR\"}]}<\/script>\n<!-- \/ Yoast SEO plugin. -->","yoast_head_json":{"title":"Wax Applicator Sticks (Pack of 100) - snacksus","robots":{"index":"index","follow":"follow","max-snippet":"max-snippet:-1","max-image-preview":"max-image-preview:large","max-video-preview":"max-video-preview:-1"},"canonical":"https:\/\/snacksus.shop\/es\/product\/wax-applicator-sticks-pack-of-100\/","og_locale":"es_ES","og_type":"article","og_title":"Wax Applicator Sticks (Pack of 100) - snacksus","og_description":"DESCRIPTION:\u2665\u00a0Efficient Wide Size: The wider size of the Wax Applicator Sticks makes getting an ultra smooth finish on skin quick work. Cover larger areas in less time.\u2665\u00a0All Natural Smooth and","og_url":"https:\/\/snacksus.shop\/es\/product\/wax-applicator-sticks-pack-of-100\/","og_site_name":"snacksus","article_modified_time":"2025-02-12T06:41:40+00:00","twitter_card":"summary_large_image","twitter_misc":{"Est. reading time":"1 minuto"},"schema":{"@context":"https:\/\/schema.org","@graph":[{"@type":"WebPage","@id":"https:\/\/snacksus.shop\/product\/wax-applicator-sticks-pack-of-100\/","url":"https:\/\/snacksus.shop\/product\/wax-applicator-sticks-pack-of-100\/","name":"Wax Applicator Sticks (Pack of 100) - snacksus","isPartOf":{"@id":"https:\/\/snacksus.shop\/#website"},"primaryImageOfPage":{"@id":"https:\/\/snacksus.shop\/product\/wax-applicator-sticks-pack-of-100\/#primaryimage"},"image":{"@id":"https:\/\/snacksus.shop\/product\/wax-applicator-sticks-pack-of-100\/#primaryimage"},"thumbnailUrl":"https:\/\/snacksus.shop\/wp-content\/uploads\/2025\/02\/Stickes-1.jpg","datePublished":"2025-02-12T03:48:21+00:00","dateModified":"2025-02-12T06:41:40+00:00","breadcrumb":{"@id":"https:\/\/snacksus.shop\/product\/wax-applicator-sticks-pack-of-100\/#breadcrumb"},"inLanguage":"es-AR","potentialAction":[{"@type":"ReadAction","target":["https:\/\/snacksus.shop\/product\/wax-applicator-sticks-pack-of-100\/"]}]},{"@type":"ImageObject","inLanguage":"es-AR","@id":"https:\/\/snacksus.shop\/product\/wax-applicator-sticks-pack-of-100\/#primaryimage","url":"https:\/\/snacksus.shop\/wp-content\/uploads\/2025\/02\/Stickes-1.jpg","contentUrl":"https:\/\/snacksus.shop\/wp-content\/uploads\/2025\/02\/Stickes-1.jpg","width":1000,"height":1000},{"@type":"BreadcrumbList","@id":"https:\/\/snacksus.shop\/product\/wax-applicator-sticks-pack-of-100\/#breadcrumb","itemListElement":[{"@type":"ListItem","position":1,"name":"\u9996\u9875","item":"https:\/\/snacksus.shop\/"},{"@type":"ListItem","position":2,"name":"Shop","item":"https:\/\/snacksus.shop\/shop\/"},{"@type":"ListItem","position":3,"name":"Wax Applicator Sticks (Pack of 100)"}]},{"@type":"WebSite","@id":"https:\/\/snacksus.shop\/#website","url":"https:\/\/snacksus.shop\/","name":"snacksus","description":"Less price, more smile","potentialAction":[{"@type":"SearchAction","target":{"@type":"EntryPoint","urlTemplate":"https:\/\/snacksus.shop\/?s={search_term_string}"},"query-input":{"@type":"PropertyValueSpecification","valueRequired":true,"valueName":"search_term_string"}}],"inLanguage":"es-AR"}]}},"_links":{"self":[{"href":"https:\/\/snacksus.shop\/es\/wp-json\/wp\/v2\/product\/3581","targetHints":{"allow":["GET"]}}],"collection":[{"href":"https:\/\/snacksus.shop\/es\/wp-json\/wp\/v2\/product"}],"about":[{"href":"https:\/\/snacksus.shop\/es\/wp-json\/wp\/v2\/types\/product"}],"replies":[{"embeddable":true,"href":"https:\/\/snacksus.shop\/es\/wp-json\/wp\/v2\/comments?post=3581"}],"version-history":[{"count":0,"href":"https:\/\/snacksus.shop\/es\/wp-json\/wp\/v2\/product\/3581\/revisions"}],"wp:featuredmedia":[{"embeddable":true,"href":"https:\/\/snacksus.shop\/es\/wp-json\/wp\/v2\/media\/3612"}],"wp:attachment":[{"href":"https:\/\/snacksus.shop\/es\/wp-json\/wp\/v2\/media?parent=3581"}],"wp:term":[{"taxonomy":"product_cat","embeddable":true,"href":"https:\/\/snacksus.shop\/es\/wp-json\/wp\/v2\/product_cat?post=3581"},{"taxonomy":"product_tag","embeddable":true,"href":"https:\/\/snacksus.shop\/es\/wp-json\/wp\/v2\/product_tag?post=3581"}],"curies":[{"name":"wp","href":"https:\/\/api.w.org\/{rel}","templated":true}]}}