{"id":3496,"date":"2025-02-12T03:48:15","date_gmt":"2025-02-12T03:48:15","guid":{"rendered":"https:\/\/snacksus.shop\/?post_type=product&#038;p=3496"},"modified":"2025-02-12T06:41:46","modified_gmt":"2025-02-12T06:41:46","slug":"roisse-purple-wax-warmer-hair-removal-kit-with-5-pack-hard-wax-beans-and-10-wax-applicator-sticks","status":"publish","type":"product","link":"https:\/\/snacksus.shop\/es\/product\/roisse-purple-wax-warmer-hair-removal-kit-with-5-pack-hard-wax-beans-and-10-wax-applicator-sticks\/","title":{"rendered":"Roisse\u2122  Purple Wax Warmer Hair Removal Kit with 5 pack Hard Wax Beans and 10 Wax Applicator Sticks"},"content":{"rendered":"<p><meta charset=\"utf-8\"><\/p>\n<p data-mce-fragment=\"1\"><iframe allow=\"accelerometer; autoplay; clipboard-write; encrypted-media; gyroscope; picture-in-picture\" allowfullscreen=\"\" frameborder=\"0\" height=\"315\" src=\"https:\/\/www.youtube.com\/embed\/EPONJTpbOFU\" title=\"YouTube video player\" width=\"560\"><\/iframe><\/p>\n<p><span style=\"font-size:14px;\"><strong data-mce-fragment=\"1\"><em data-mce-fragment=\"1\"><span data-mce-fragment=\"1\">\u2665\u00a0<\/span>Easy operation:<\/em><\/strong><span data-mce-fragment=\"1\">\u00a0Don&#8217;t need hair removal paper. painless and anti-allergic. You just need a wax heater pot. and a spatula to apply the wax to your hairs.<\/span><br data-mce-fragment=\"1\"><strong data-mce-fragment=\"1\"><em data-mce-fragment=\"1\"><span data-mce-fragment=\"1\">\u2665\u00a0<\/span>Adjustable temperature Knob and auto-shut-off function:<\/em>\u00a0<\/strong><span data-mce-fragment=\"1\">The wax warmer equips a wide range of temperatures from 80\u2103 to 100\u2103. It will stop working when the temperature is up to 100\u2103. and it will start working again when temperature under 80 \u2103.<\/span><br data-mce-fragment=\"1\"><strong data-mce-fragment=\"1\"><em data-mce-fragment=\"1\"><span data-mce-fragment=\"1\">\u2665\u00a0<\/span>Through lid with three vents:<\/em>\u00a0<\/strong><span data-mce-fragment=\"1\">The waxing set with a see-through cover generates the heat on the wax. accelerating the wax melting and preventing the wax contamination by dust. You can observe the wax melting process more intuitively. with easy control time.<\/span><br data-mce-fragment=\"1\"><strong data-mce-fragment=\"1\"><em data-mce-fragment=\"1\"><span data-mce-fragment=\"1\">\u2665\u00a0<\/span>Suitable for most wax types:<\/em><\/strong><span data-mce-fragment=\"1\">\u00a0The wax melting pot accommodates wax container and melts most wax formats including hard wax. soft wax. 15-ounce wax cans. loose wax. bricks bikini wax kits. microwavable wax kits. and hair waxing kits. etc.<\/span><br data-mce-fragment=\"1\"><em data-mce-fragment=\"1\"><strong data-mce-fragment=\"1\"><span data-mce-fragment=\"1\">\u2665\u00a0<\/span>Home-use and professional salon-use:<\/strong><\/em><span data-mce-fragment=\"1\">\u00a0Suitable\u00a0for total body depilatory needs. including bikini area. back. legs. arms. facial and Brazilian waxing. You can do a depilatory at home by yourself now!<\/span><br data-mce-fragment=\"1\"><em data-mce-fragment=\"1\"><strong data-mce-fragment=\"1\"><span data-mce-fragment=\"1\">\u2665\u00a0<\/span>100% FDA Approved Hard Wax Beans:\u00a0<\/strong><\/em><span data-mce-fragment=\"1\">Made from natural. safe &#038; non-irritating ingredients.<\/span><\/span><\/p>\n<ul class=\"a-unordered-list a-vertical a-spacing-none\" data-mce-fragment=\"1\"><\/ul>\n<p data-mce-fragment=\"1\"><span style=\"font-size:14px;\"><strong data-mce-fragment=\"1\">FEATURES:<\/strong><br data-mce-fragment=\"1\"><span data-mce-fragment=\"1\">Material: ABS<\/span><br data-mce-fragment=\"1\"><span data-mce-fragment=\"1\">Color: Purple<\/span><br data-mce-fragment=\"1\"><span data-mce-fragment=\"1\">Wax Beans Flavor: Tea Tree. Lavender. Rose. Chocolate. Honey<\/span><br data-mce-fragment=\"1\"><span data-mce-fragment=\"1\">Product Size: Appr.18\u00d718\u00d715cm (7.1\u00d77.1\u00d76 in)<\/span><span data-mce-fragment=\"1\"><br data-mce-fragment=\"1\">Capacity: 500ML\u00a0<br data-mce-fragment=\"1\">Rated Power: 100W\u00a0<br data-mce-fragment=\"1\">Rated Voltage: 110V \/ 220V<br data-mce-fragment=\"1\">Frequency: 60Hz \/ 50Hz<\/span><br data-mce-fragment=\"1\"><span data-mce-fragment=\"1\">Weight:\u00a0<\/span><span data-mce-fragment=\"1\">1.2<\/span><span data-mce-fragment=\"1\">\u00a0kg (2.65lb)<\/span><br data-mce-fragment=\"1\"><span data-mce-fragment=\"1\"><\/span><span data-mce-fragment=\"1\"><\/span><\/span><\/p>\n<p data-mce-fragment=\"1\"><span style=\"font-size:14px;\"><strong data-mce-fragment=\"1\">PACKAGING INCLUDED:<\/strong><br data-mce-fragment=\"1\">1\u00a0\u00d7 Wax Warmer(included operation instructions)\u00a0<br data-mce-fragment=\"1\">5 \u00d7\u00a0Packs of\u00a0<b data-mce-fragment=\"1\"><span data-mce-fragment=\"1\">\u00a0<\/span><\/b>Wax Beans 100g(3.5oz)\/pcs<br data-mce-fragment=\"1\">10 \u00d7 Sticks<\/span><\/p>","protected":false},"excerpt":{"rendered":"<p>\u2665\u00a0Easy operation:\u00a0Don&#8217;t need hair removal paper. painless and anti-allergic. You just need a wax heater pot. and a spatula to apply the wax to your hairs.\u2665\u00a0Adjustable temperature Knob and auto-shut-off<\/p>","protected":false},"featured_media":3523,"comment_status":"open","ping_status":"closed","template":"","meta":[],"product_cat":[125],"product_tag":[175],"class_list":{"0":"post-3496","1":"product","2":"type-product","3":"status-publish","4":"has-post-thumbnail","6":"product_cat-cleaning-supplies","7":"product_tag-waxing-kit","9":"first","10":"instock","11":"sale","12":"shipping-taxable","13":"purchasable","14":"product-type-variable"},"yoast_head":"<!-- This site is optimized with the Yoast SEO plugin v26.6 - https:\/\/yoast.com\/wordpress\/plugins\/seo\/ -->\n<title>Roisse\u2122 Purple Wax Warmer Hair Removal Kit with 5 pack Hard Wax Beans and 10 Wax Applicator Sticks - snacksus<\/title>\n<meta name=\"robots\" content=\"index, follow, max-snippet:-1, max-image-preview:large, max-video-preview:-1\" \/>\n<link rel=\"canonical\" href=\"https:\/\/snacksus.shop\/es\/product\/roisse-purple-wax-warmer-hair-removal-kit-with-5-pack-hard-wax-beans-and-10-wax-applicator-sticks\/\" \/>\n<meta property=\"og:locale\" content=\"es_ES\" \/>\n<meta property=\"og:type\" content=\"article\" \/>\n<meta property=\"og:title\" content=\"Roisse\u2122 Purple Wax Warmer Hair Removal Kit with 5 pack Hard Wax Beans and 10 Wax Applicator Sticks - snacksus\" \/>\n<meta property=\"og:description\" content=\"\u2665\u00a0Easy operation:\u00a0Don&#8217;t need hair removal paper. painless and anti-allergic. You just need a wax heater pot. and a spatula to apply the wax to your hairs.\u2665\u00a0Adjustable temperature Knob and auto-shut-off\" \/>\n<meta property=\"og:url\" content=\"https:\/\/snacksus.shop\/es\/product\/roisse-purple-wax-warmer-hair-removal-kit-with-5-pack-hard-wax-beans-and-10-wax-applicator-sticks\/\" \/>\n<meta property=\"og:site_name\" content=\"snacksus\" \/>\n<meta property=\"article:modified_time\" content=\"2025-02-12T06:41:46+00:00\" \/>\n<meta name=\"twitter:card\" content=\"summary_large_image\" \/>\n<meta name=\"twitter:label1\" content=\"Est. reading time\" \/>\n\t<meta name=\"twitter:data1\" content=\"1 minuto\" \/>\n<script type=\"application\/ld+json\" class=\"yoast-schema-graph\">{\"@context\":\"https:\/\/schema.org\",\"@graph\":[{\"@type\":\"WebPage\",\"@id\":\"https:\/\/snacksus.shop\/product\/roisse-purple-wax-warmer-hair-removal-kit-with-5-pack-hard-wax-beans-and-10-wax-applicator-sticks\/\",\"url\":\"https:\/\/snacksus.shop\/product\/roisse-purple-wax-warmer-hair-removal-kit-with-5-pack-hard-wax-beans-and-10-wax-applicator-sticks\/\",\"name\":\"Roisse\u2122 Purple Wax Warmer Hair Removal Kit with 5 pack Hard Wax Beans and 10 Wax Applicator Sticks - snacksus\",\"isPartOf\":{\"@id\":\"https:\/\/snacksus.shop\/#website\"},\"primaryImageOfPage\":{\"@id\":\"https:\/\/snacksus.shop\/product\/roisse-purple-wax-warmer-hair-removal-kit-with-5-pack-hard-wax-beans-and-10-wax-applicator-sticks\/#primaryimage\"},\"image\":{\"@id\":\"https:\/\/snacksus.shop\/product\/roisse-purple-wax-warmer-hair-removal-kit-with-5-pack-hard-wax-beans-and-10-wax-applicator-sticks\/#primaryimage\"},\"thumbnailUrl\":\"https:\/\/snacksus.shop\/wp-content\/uploads\/2025\/02\/p5-11_7f71b4ef-7d64-4f97-83e2-bfbe453753f5.jpg\",\"datePublished\":\"2025-02-12T03:48:15+00:00\",\"dateModified\":\"2025-02-12T06:41:46+00:00\",\"breadcrumb\":{\"@id\":\"https:\/\/snacksus.shop\/product\/roisse-purple-wax-warmer-hair-removal-kit-with-5-pack-hard-wax-beans-and-10-wax-applicator-sticks\/#breadcrumb\"},\"inLanguage\":\"es-AR\",\"potentialAction\":[{\"@type\":\"ReadAction\",\"target\":[\"https:\/\/snacksus.shop\/product\/roisse-purple-wax-warmer-hair-removal-kit-with-5-pack-hard-wax-beans-and-10-wax-applicator-sticks\/\"]}]},{\"@type\":\"ImageObject\",\"inLanguage\":\"es-AR\",\"@id\":\"https:\/\/snacksus.shop\/product\/roisse-purple-wax-warmer-hair-removal-kit-with-5-pack-hard-wax-beans-and-10-wax-applicator-sticks\/#primaryimage\",\"url\":\"https:\/\/snacksus.shop\/wp-content\/uploads\/2025\/02\/p5-11_7f71b4ef-7d64-4f97-83e2-bfbe453753f5.jpg\",\"contentUrl\":\"https:\/\/snacksus.shop\/wp-content\/uploads\/2025\/02\/p5-11_7f71b4ef-7d64-4f97-83e2-bfbe453753f5.jpg\",\"width\":750,\"height\":750},{\"@type\":\"BreadcrumbList\",\"@id\":\"https:\/\/snacksus.shop\/product\/roisse-purple-wax-warmer-hair-removal-kit-with-5-pack-hard-wax-beans-and-10-wax-applicator-sticks\/#breadcrumb\",\"itemListElement\":[{\"@type\":\"ListItem\",\"position\":1,\"name\":\"\u9996\u9875\",\"item\":\"https:\/\/snacksus.shop\/\"},{\"@type\":\"ListItem\",\"position\":2,\"name\":\"Shop\",\"item\":\"https:\/\/snacksus.shop\/shop\/\"},{\"@type\":\"ListItem\",\"position\":3,\"name\":\"Roisse\u2122 Purple Wax Warmer Hair Removal Kit with 5 pack Hard Wax Beans and 10 Wax Applicator Sticks\"}]},{\"@type\":\"WebSite\",\"@id\":\"https:\/\/snacksus.shop\/#website\",\"url\":\"https:\/\/snacksus.shop\/\",\"name\":\"snacksus\",\"description\":\"Less price, more smile\",\"potentialAction\":[{\"@type\":\"SearchAction\",\"target\":{\"@type\":\"EntryPoint\",\"urlTemplate\":\"https:\/\/snacksus.shop\/?s={search_term_string}\"},\"query-input\":{\"@type\":\"PropertyValueSpecification\",\"valueRequired\":true,\"valueName\":\"search_term_string\"}}],\"inLanguage\":\"es-AR\"}]}<\/script>\n<!-- \/ Yoast SEO plugin. -->","yoast_head_json":{"title":"Roisse\u2122 Purple Wax Warmer Hair Removal Kit with 5 pack Hard Wax Beans and 10 Wax Applicator Sticks - snacksus","robots":{"index":"index","follow":"follow","max-snippet":"max-snippet:-1","max-image-preview":"max-image-preview:large","max-video-preview":"max-video-preview:-1"},"canonical":"https:\/\/snacksus.shop\/es\/product\/roisse-purple-wax-warmer-hair-removal-kit-with-5-pack-hard-wax-beans-and-10-wax-applicator-sticks\/","og_locale":"es_ES","og_type":"article","og_title":"Roisse\u2122 Purple Wax Warmer Hair Removal Kit with 5 pack Hard Wax Beans and 10 Wax Applicator Sticks - snacksus","og_description":"\u2665\u00a0Easy operation:\u00a0Don&#8217;t need hair removal paper. painless and anti-allergic. You just need a wax heater pot. and a spatula to apply the wax to your hairs.\u2665\u00a0Adjustable temperature Knob and auto-shut-off","og_url":"https:\/\/snacksus.shop\/es\/product\/roisse-purple-wax-warmer-hair-removal-kit-with-5-pack-hard-wax-beans-and-10-wax-applicator-sticks\/","og_site_name":"snacksus","article_modified_time":"2025-02-12T06:41:46+00:00","twitter_card":"summary_large_image","twitter_misc":{"Est. reading time":"1 minuto"},"schema":{"@context":"https:\/\/schema.org","@graph":[{"@type":"WebPage","@id":"https:\/\/snacksus.shop\/product\/roisse-purple-wax-warmer-hair-removal-kit-with-5-pack-hard-wax-beans-and-10-wax-applicator-sticks\/","url":"https:\/\/snacksus.shop\/product\/roisse-purple-wax-warmer-hair-removal-kit-with-5-pack-hard-wax-beans-and-10-wax-applicator-sticks\/","name":"Roisse\u2122 Purple Wax Warmer Hair Removal Kit with 5 pack Hard Wax Beans and 10 Wax Applicator Sticks - snacksus","isPartOf":{"@id":"https:\/\/snacksus.shop\/#website"},"primaryImageOfPage":{"@id":"https:\/\/snacksus.shop\/product\/roisse-purple-wax-warmer-hair-removal-kit-with-5-pack-hard-wax-beans-and-10-wax-applicator-sticks\/#primaryimage"},"image":{"@id":"https:\/\/snacksus.shop\/product\/roisse-purple-wax-warmer-hair-removal-kit-with-5-pack-hard-wax-beans-and-10-wax-applicator-sticks\/#primaryimage"},"thumbnailUrl":"https:\/\/snacksus.shop\/wp-content\/uploads\/2025\/02\/p5-11_7f71b4ef-7d64-4f97-83e2-bfbe453753f5.jpg","datePublished":"2025-02-12T03:48:15+00:00","dateModified":"2025-02-12T06:41:46+00:00","breadcrumb":{"@id":"https:\/\/snacksus.shop\/product\/roisse-purple-wax-warmer-hair-removal-kit-with-5-pack-hard-wax-beans-and-10-wax-applicator-sticks\/#breadcrumb"},"inLanguage":"es-AR","potentialAction":[{"@type":"ReadAction","target":["https:\/\/snacksus.shop\/product\/roisse-purple-wax-warmer-hair-removal-kit-with-5-pack-hard-wax-beans-and-10-wax-applicator-sticks\/"]}]},{"@type":"ImageObject","inLanguage":"es-AR","@id":"https:\/\/snacksus.shop\/product\/roisse-purple-wax-warmer-hair-removal-kit-with-5-pack-hard-wax-beans-and-10-wax-applicator-sticks\/#primaryimage","url":"https:\/\/snacksus.shop\/wp-content\/uploads\/2025\/02\/p5-11_7f71b4ef-7d64-4f97-83e2-bfbe453753f5.jpg","contentUrl":"https:\/\/snacksus.shop\/wp-content\/uploads\/2025\/02\/p5-11_7f71b4ef-7d64-4f97-83e2-bfbe453753f5.jpg","width":750,"height":750},{"@type":"BreadcrumbList","@id":"https:\/\/snacksus.shop\/product\/roisse-purple-wax-warmer-hair-removal-kit-with-5-pack-hard-wax-beans-and-10-wax-applicator-sticks\/#breadcrumb","itemListElement":[{"@type":"ListItem","position":1,"name":"\u9996\u9875","item":"https:\/\/snacksus.shop\/"},{"@type":"ListItem","position":2,"name":"Shop","item":"https:\/\/snacksus.shop\/shop\/"},{"@type":"ListItem","position":3,"name":"Roisse\u2122 Purple Wax Warmer Hair Removal Kit with 5 pack Hard Wax Beans and 10 Wax Applicator Sticks"}]},{"@type":"WebSite","@id":"https:\/\/snacksus.shop\/#website","url":"https:\/\/snacksus.shop\/","name":"snacksus","description":"Less price, more smile","potentialAction":[{"@type":"SearchAction","target":{"@type":"EntryPoint","urlTemplate":"https:\/\/snacksus.shop\/?s={search_term_string}"},"query-input":{"@type":"PropertyValueSpecification","valueRequired":true,"valueName":"search_term_string"}}],"inLanguage":"es-AR"}]}},"_links":{"self":[{"href":"https:\/\/snacksus.shop\/es\/wp-json\/wp\/v2\/product\/3496","targetHints":{"allow":["GET"]}}],"collection":[{"href":"https:\/\/snacksus.shop\/es\/wp-json\/wp\/v2\/product"}],"about":[{"href":"https:\/\/snacksus.shop\/es\/wp-json\/wp\/v2\/types\/product"}],"replies":[{"embeddable":true,"href":"https:\/\/snacksus.shop\/es\/wp-json\/wp\/v2\/comments?post=3496"}],"version-history":[{"count":0,"href":"https:\/\/snacksus.shop\/es\/wp-json\/wp\/v2\/product\/3496\/revisions"}],"wp:featuredmedia":[{"embeddable":true,"href":"https:\/\/snacksus.shop\/es\/wp-json\/wp\/v2\/media\/3523"}],"wp:attachment":[{"href":"https:\/\/snacksus.shop\/es\/wp-json\/wp\/v2\/media?parent=3496"}],"wp:term":[{"taxonomy":"product_cat","embeddable":true,"href":"https:\/\/snacksus.shop\/es\/wp-json\/wp\/v2\/product_cat?post=3496"},{"taxonomy":"product_tag","embeddable":true,"href":"https:\/\/snacksus.shop\/es\/wp-json\/wp\/v2\/product_tag?post=3496"}],"curies":[{"name":"wp","href":"https:\/\/api.w.org\/{rel}","templated":true}]}}