{"id":19442,"date":"2025-12-28T09:32:40","date_gmt":"2025-12-28T17:32:40","guid":{"rendered":"https:\/\/snacksus.shop\/?post_type=product&#038;p=19442"},"modified":"2025-12-28T09:33:10","modified_gmt":"2025-12-28T17:33:10","slug":"sophia-ecouteurs-bluetooth-sans-fil-etanches-ipx8-lecteur-mp3-hifi-crochet-doreille-sauna-telephone-avec-micro-casque-pour-la-natation-2","status":"publish","type":"product","link":"https:\/\/snacksus.shop\/es\/product\/sophia-ecouteurs-bluetooth-sans-fil-etanches-ipx8-lecteur-mp3-hifi-crochet-doreille-sauna-telephone-avec-micro-casque-pour-la-natation-2\/","title":{"rendered":"Sophia-\u00c9couteurs Bluetooth sans fil \u00e9tanches IPX8, lecteur MP3, Hifi, crochet d&#8217;oreille, sauna, t\u00e9l\u00e9phone avec micro, casque pour la natation"},"content":{"rendered":"<h1>SPECIFICATIONS<\/h1>\n<p><span>Vie de la batterie jusqu&#8217;\u00e0 [heures]<\/span>: <span style=\"color:#333\">6<\/span><\/p>\n<p><span>Version Bluetooth<\/span>: <span style=\"color:#333\">5.3<\/span><\/p>\n<p><span>Type of battery<\/span>: <span style=\"color:#333\">polymer battery<\/span><\/p>\n<p><span>Type Sans fil<\/span>: <span style=\"color:#333\">bluetooth<\/span><\/p>\n<p><span>Suppression Active du Bruit<\/span>: <span style=\"color:#333\">Oui<\/span><\/p>\n<p><span>Supporte cartes m\u00e9moire<\/span>: <span style=\"color:#333\">Oui<\/span><\/p>\n<p><span>Support Protocol<\/span>: <span style=\"color:#333\">HFP A2DP AVRCP<\/span><\/p>\n<p><span>Style<\/span>: <span style=\"color:#333\">Crochet auriculaire<\/span><\/p>\n<p><span>Soutien APP<\/span>: <span style=\"color:#333\">Oui<\/span><\/p>\n<p><span>Size<\/span>: <span style=\"color:#333\">135*112*45mm<\/span><\/p>\n<p><span>Sensibilit\u00e9<\/span>: <span style=\"color:#333\">88dB<\/span><\/p>\n<p><span>R\u00e9sistance<\/span>: <span style=\"color:#333\">10\u03a9<\/span><\/p>\n<p><span>Principe du Vocalisme<\/span>: <span style=\"color:#333\">Bone Conduction<\/span><\/p>\n<p><span>Port\u00e9e maximale sans fil [m]<\/span>: <span style=\"color:#333\">&lt;10m<\/span><\/p>\n<p><span>Plage de r\u00e9ponse de fr\u00e9quence<\/span>: <span style=\"color:#333\">20 &#8211; 20000Hz<\/span><\/p>\n<p><span>Origine<\/span>: <span style=\"color:#333\">CN (Origine)<\/span><\/p>\n<p><span>Operating range<\/span>: <span style=\"color:#333\">10 meters<\/span><\/p>\n<p><span>Nombre de conducteurs<\/span>: <span style=\"color:#333\">2<\/span><\/p>\n<p><span>Nom de marque<\/span>: <span style=\"color:#333\">YC<\/span><\/p>\n<p><span>M\u00e9thode de charge<\/span>: <span style=\"color:#333\">CABLE<\/span><\/p>\n<p><span>Music time<\/span>: <span style=\"color:#333\">about 5H<\/span><\/p>\n<p><span>Mat\u00e9riau<\/span>: <span style=\"color:#333\">GEL de silice<\/span><\/p>\n<p><span>Liste des paquets<\/span>: <span style=\"color:#333\">Manuel d&#8217;utilisation,Charging Cable<\/span><\/p>\n<p><span>Isolation sonore<\/span>: <span style=\"color:#333\">YES<\/span><\/p>\n<p><span>Gamme d&#8217;imp\u00e9dance<\/span>: <span style=\"color:#333\">jusqu&#8217;\u00e0 32 \u03a9<\/span><\/p>\n<p><span>Fonction<\/span>: <span style=\"color:#333\">Casque de moniteur,Pour le jeu vid\u00e9o,Casque commun,pour t\u00e9l\u00e9phone mobile,Casque HiFi,Sport,Pour Aide Auditive<\/span><\/p>\n<p><span>Etanche<\/span>: <span style=\"color:#333\">Oui<\/span><\/p>\n<p><span>Est sans fil<\/span>: <span style=\"color:#333\">Oui<\/span><\/p>\n<p><span>Earphone weight<\/span>: <span style=\"color:#333\">30g<\/span><\/p>\n<p><span>Distorsion harmonique totale<\/span>: <span style=\"color:#333\">5%<\/span><\/p>\n<p><span>Diam\u00e8tre d&#8217;attaque pour casque audio<\/span>: <span style=\"color:#333\">16mm<\/span><\/p>\n<p><span>Contr\u00f4le de Volume<\/span>: <span style=\"color:#333\">Oui<\/span><\/p>\n<p><span>Communication<\/span>: <span style=\"color:#333\">wireless<\/span><\/p>\n<p><span>Codecs<\/span>: <span style=\"color:#333\">AAC<\/span><\/p>\n<p><span>Chip<\/span>: <span style=\"color:#333\">AB5392B<\/span><\/p>\n<p><span>Charging time<\/span>: <span style=\"color:#333\">about 2H<\/span><\/p>\n<p><span>Certification<\/span>: <span style=\"color:#333\">CE<\/span><\/p>\n<p><span>Cat\u00e9gorie<\/span>: <span style=\"color:#333\">\u00c9couteurs et \u00e9couteurs<\/span><\/p>\n<p><span>Caract\u00e9ristiques<\/span>: <span style=\"color:#333\">\u00e9tanche,Avec microphone<\/span><\/p>\n<p><span>Capacit\u00e9 de la batterie [mAh]<\/span>: <span style=\"color:#333\">200<\/span><\/p>\n<p><span>Call time<\/span>: <span style=\"color:#333\">about 5H<\/span><\/p>\n<p><span>Bouton de Commande<\/span>: <span style=\"color:#333\">Oui<\/span><\/p>\n<p><span>Battery capacity<\/span>: <span style=\"color:#333\">190mAh<\/span><\/p>\n<p><span>Avec microphone<\/span>: <span style=\"color:#333\">Oui<\/span><\/p>\n","protected":false},"excerpt":{"rendered":"<p>SPECIFICATIONS Vie de la batterie jusqu&#8217;\u00e0 [heures]: 6 Version Bluetooth: 5.3 Type of battery: polymer battery Type Sans fil: bluetooth Suppression Active du Bruit: Oui Supporte cartes m\u00e9moire: Oui Support<\/p>\n","protected":false},"featured_media":18937,"comment_status":"open","ping_status":"closed","template":"","meta":[],"product_cat":[15],"product_tag":[858,856,859],"class_list":{"0":"post-19442","1":"product","2":"type-product","3":"status-publish","4":"has-post-thumbnail","6":"product_cat-uncategorized","7":"product_tag-bluetooth-headset","8":"product_tag-swimming-headset","9":"product_tag-waterproof-earphone","11":"first","12":"instock","13":"shipping-taxable","14":"purchasable","15":"product-type-variable"},"yoast_head":"<!-- This site is optimized with the Yoast SEO plugin v26.6 - https:\/\/yoast.com\/wordpress\/plugins\/seo\/ -->\n<title>Sophia-\u00c9couteurs Bluetooth sans fil \u00e9tanches IPX8, lecteur MP3, Hifi, crochet d&#039;oreille, sauna, t\u00e9l\u00e9phone avec micro, casque pour la natation - snacksus<\/title>\n<meta name=\"robots\" content=\"index, follow, max-snippet:-1, max-image-preview:large, max-video-preview:-1\" \/>\n<link rel=\"canonical\" href=\"https:\/\/snacksus.shop\/es\/product\/sophia-ecouteurs-bluetooth-sans-fil-etanches-ipx8-lecteur-mp3-hifi-crochet-doreille-sauna-telephone-avec-micro-casque-pour-la-natation-2\/\" \/>\n<meta property=\"og:locale\" content=\"es_ES\" \/>\n<meta property=\"og:type\" content=\"article\" \/>\n<meta property=\"og:title\" content=\"Sophia-\u00c9couteurs Bluetooth sans fil \u00e9tanches IPX8, lecteur MP3, Hifi, crochet d&#039;oreille, sauna, t\u00e9l\u00e9phone avec micro, casque pour la natation - snacksus\" \/>\n<meta property=\"og:description\" content=\"SPECIFICATIONS Vie de la batterie jusqu&#8217;\u00e0 [heures]: 6 Version Bluetooth: 5.3 Type of battery: polymer battery Type Sans fil: bluetooth Suppression Active du Bruit: Oui Supporte cartes m\u00e9moire: Oui Support\" \/>\n<meta property=\"og:url\" content=\"https:\/\/snacksus.shop\/es\/product\/sophia-ecouteurs-bluetooth-sans-fil-etanches-ipx8-lecteur-mp3-hifi-crochet-doreille-sauna-telephone-avec-micro-casque-pour-la-natation-2\/\" \/>\n<meta property=\"og:site_name\" content=\"snacksus\" \/>\n<meta property=\"article:modified_time\" content=\"2025-12-28T17:33:10+00:00\" \/>\n<meta property=\"og:image\" content=\"https:\/\/snacksus.shop\/wp-content\/uploads\/2025\/12\/Se9839a3e0a77407f93fe58f73b6e2357H.jpg\" \/>\n\t<meta property=\"og:image:width\" content=\"800\" \/>\n\t<meta property=\"og:image:height\" content=\"800\" \/>\n\t<meta property=\"og:image:type\" content=\"image\/jpeg\" \/>\n<meta name=\"twitter:card\" content=\"summary_large_image\" \/>\n<meta name=\"twitter:label1\" content=\"Est. reading time\" \/>\n\t<meta name=\"twitter:data1\" content=\"1 minuto\" \/>\n<script type=\"application\/ld+json\" class=\"yoast-schema-graph\">{\"@context\":\"https:\/\/schema.org\",\"@graph\":[{\"@type\":\"WebPage\",\"@id\":\"https:\/\/snacksus.shop\/product\/sophia-ecouteurs-bluetooth-sans-fil-etanches-ipx8-lecteur-mp3-hifi-crochet-doreille-sauna-telephone-avec-micro-casque-pour-la-natation-2\/\",\"url\":\"https:\/\/snacksus.shop\/product\/sophia-ecouteurs-bluetooth-sans-fil-etanches-ipx8-lecteur-mp3-hifi-crochet-doreille-sauna-telephone-avec-micro-casque-pour-la-natation-2\/\",\"name\":\"Sophia-\u00c9couteurs Bluetooth sans fil \u00e9tanches IPX8, lecteur MP3, Hifi, crochet d'oreille, sauna, t\u00e9l\u00e9phone avec micro, casque pour la natation - snacksus\",\"isPartOf\":{\"@id\":\"https:\/\/snacksus.shop\/#website\"},\"primaryImageOfPage\":{\"@id\":\"https:\/\/snacksus.shop\/product\/sophia-ecouteurs-bluetooth-sans-fil-etanches-ipx8-lecteur-mp3-hifi-crochet-doreille-sauna-telephone-avec-micro-casque-pour-la-natation-2\/#primaryimage\"},\"image\":{\"@id\":\"https:\/\/snacksus.shop\/product\/sophia-ecouteurs-bluetooth-sans-fil-etanches-ipx8-lecteur-mp3-hifi-crochet-doreille-sauna-telephone-avec-micro-casque-pour-la-natation-2\/#primaryimage\"},\"thumbnailUrl\":\"https:\/\/snacksus.shop\/wp-content\/uploads\/2025\/12\/Se9839a3e0a77407f93fe58f73b6e2357H.jpg\",\"datePublished\":\"2025-12-28T17:32:40+00:00\",\"dateModified\":\"2025-12-28T17:33:10+00:00\",\"breadcrumb\":{\"@id\":\"https:\/\/snacksus.shop\/product\/sophia-ecouteurs-bluetooth-sans-fil-etanches-ipx8-lecteur-mp3-hifi-crochet-doreille-sauna-telephone-avec-micro-casque-pour-la-natation-2\/#breadcrumb\"},\"inLanguage\":\"es-AR\",\"potentialAction\":[{\"@type\":\"ReadAction\",\"target\":[\"https:\/\/snacksus.shop\/product\/sophia-ecouteurs-bluetooth-sans-fil-etanches-ipx8-lecteur-mp3-hifi-crochet-doreille-sauna-telephone-avec-micro-casque-pour-la-natation-2\/\"]}]},{\"@type\":\"ImageObject\",\"inLanguage\":\"es-AR\",\"@id\":\"https:\/\/snacksus.shop\/product\/sophia-ecouteurs-bluetooth-sans-fil-etanches-ipx8-lecteur-mp3-hifi-crochet-doreille-sauna-telephone-avec-micro-casque-pour-la-natation-2\/#primaryimage\",\"url\":\"https:\/\/snacksus.shop\/wp-content\/uploads\/2025\/12\/Se9839a3e0a77407f93fe58f73b6e2357H.jpg\",\"contentUrl\":\"https:\/\/snacksus.shop\/wp-content\/uploads\/2025\/12\/Se9839a3e0a77407f93fe58f73b6e2357H.jpg\",\"width\":800,\"height\":800},{\"@type\":\"BreadcrumbList\",\"@id\":\"https:\/\/snacksus.shop\/product\/sophia-ecouteurs-bluetooth-sans-fil-etanches-ipx8-lecteur-mp3-hifi-crochet-doreille-sauna-telephone-avec-micro-casque-pour-la-natation-2\/#breadcrumb\",\"itemListElement\":[{\"@type\":\"ListItem\",\"position\":1,\"name\":\"\u9996\u9875\",\"item\":\"https:\/\/snacksus.shop\/\"},{\"@type\":\"ListItem\",\"position\":2,\"name\":\"Shop\",\"item\":\"https:\/\/snacksus.shop\/shop\/\"},{\"@type\":\"ListItem\",\"position\":3,\"name\":\"Sophia-\u00c9couteurs Bluetooth sans fil \u00e9tanches IPX8, lecteur MP3, Hifi, crochet d&#8217;oreille, sauna, t\u00e9l\u00e9phone avec micro, casque pour la natation\"}]},{\"@type\":\"WebSite\",\"@id\":\"https:\/\/snacksus.shop\/#website\",\"url\":\"https:\/\/snacksus.shop\/\",\"name\":\"snacksus\",\"description\":\"Less price, more smile\",\"potentialAction\":[{\"@type\":\"SearchAction\",\"target\":{\"@type\":\"EntryPoint\",\"urlTemplate\":\"https:\/\/snacksus.shop\/?s={search_term_string}\"},\"query-input\":{\"@type\":\"PropertyValueSpecification\",\"valueRequired\":true,\"valueName\":\"search_term_string\"}}],\"inLanguage\":\"es-AR\"}]}<\/script>\n<!-- \/ Yoast SEO plugin. -->","yoast_head_json":{"title":"Sophia-\u00c9couteurs Bluetooth sans fil \u00e9tanches IPX8, lecteur MP3, Hifi, crochet d'oreille, sauna, t\u00e9l\u00e9phone avec micro, casque pour la natation - snacksus","robots":{"index":"index","follow":"follow","max-snippet":"max-snippet:-1","max-image-preview":"max-image-preview:large","max-video-preview":"max-video-preview:-1"},"canonical":"https:\/\/snacksus.shop\/es\/product\/sophia-ecouteurs-bluetooth-sans-fil-etanches-ipx8-lecteur-mp3-hifi-crochet-doreille-sauna-telephone-avec-micro-casque-pour-la-natation-2\/","og_locale":"es_ES","og_type":"article","og_title":"Sophia-\u00c9couteurs Bluetooth sans fil \u00e9tanches IPX8, lecteur MP3, Hifi, crochet d'oreille, sauna, t\u00e9l\u00e9phone avec micro, casque pour la natation - snacksus","og_description":"SPECIFICATIONS Vie de la batterie jusqu&#8217;\u00e0 [heures]: 6 Version Bluetooth: 5.3 Type of battery: polymer battery Type Sans fil: bluetooth Suppression Active du Bruit: Oui Supporte cartes m\u00e9moire: Oui Support","og_url":"https:\/\/snacksus.shop\/es\/product\/sophia-ecouteurs-bluetooth-sans-fil-etanches-ipx8-lecteur-mp3-hifi-crochet-doreille-sauna-telephone-avec-micro-casque-pour-la-natation-2\/","og_site_name":"snacksus","article_modified_time":"2025-12-28T17:33:10+00:00","og_image":[{"width":800,"height":800,"url":"https:\/\/snacksus.shop\/wp-content\/uploads\/2025\/12\/Se9839a3e0a77407f93fe58f73b6e2357H.jpg","type":"image\/jpeg"}],"twitter_card":"summary_large_image","twitter_misc":{"Est. reading time":"1 minuto"},"schema":{"@context":"https:\/\/schema.org","@graph":[{"@type":"WebPage","@id":"https:\/\/snacksus.shop\/product\/sophia-ecouteurs-bluetooth-sans-fil-etanches-ipx8-lecteur-mp3-hifi-crochet-doreille-sauna-telephone-avec-micro-casque-pour-la-natation-2\/","url":"https:\/\/snacksus.shop\/product\/sophia-ecouteurs-bluetooth-sans-fil-etanches-ipx8-lecteur-mp3-hifi-crochet-doreille-sauna-telephone-avec-micro-casque-pour-la-natation-2\/","name":"Sophia-\u00c9couteurs Bluetooth sans fil \u00e9tanches IPX8, lecteur MP3, Hifi, crochet d'oreille, sauna, t\u00e9l\u00e9phone avec micro, casque pour la natation - snacksus","isPartOf":{"@id":"https:\/\/snacksus.shop\/#website"},"primaryImageOfPage":{"@id":"https:\/\/snacksus.shop\/product\/sophia-ecouteurs-bluetooth-sans-fil-etanches-ipx8-lecteur-mp3-hifi-crochet-doreille-sauna-telephone-avec-micro-casque-pour-la-natation-2\/#primaryimage"},"image":{"@id":"https:\/\/snacksus.shop\/product\/sophia-ecouteurs-bluetooth-sans-fil-etanches-ipx8-lecteur-mp3-hifi-crochet-doreille-sauna-telephone-avec-micro-casque-pour-la-natation-2\/#primaryimage"},"thumbnailUrl":"https:\/\/snacksus.shop\/wp-content\/uploads\/2025\/12\/Se9839a3e0a77407f93fe58f73b6e2357H.jpg","datePublished":"2025-12-28T17:32:40+00:00","dateModified":"2025-12-28T17:33:10+00:00","breadcrumb":{"@id":"https:\/\/snacksus.shop\/product\/sophia-ecouteurs-bluetooth-sans-fil-etanches-ipx8-lecteur-mp3-hifi-crochet-doreille-sauna-telephone-avec-micro-casque-pour-la-natation-2\/#breadcrumb"},"inLanguage":"es-AR","potentialAction":[{"@type":"ReadAction","target":["https:\/\/snacksus.shop\/product\/sophia-ecouteurs-bluetooth-sans-fil-etanches-ipx8-lecteur-mp3-hifi-crochet-doreille-sauna-telephone-avec-micro-casque-pour-la-natation-2\/"]}]},{"@type":"ImageObject","inLanguage":"es-AR","@id":"https:\/\/snacksus.shop\/product\/sophia-ecouteurs-bluetooth-sans-fil-etanches-ipx8-lecteur-mp3-hifi-crochet-doreille-sauna-telephone-avec-micro-casque-pour-la-natation-2\/#primaryimage","url":"https:\/\/snacksus.shop\/wp-content\/uploads\/2025\/12\/Se9839a3e0a77407f93fe58f73b6e2357H.jpg","contentUrl":"https:\/\/snacksus.shop\/wp-content\/uploads\/2025\/12\/Se9839a3e0a77407f93fe58f73b6e2357H.jpg","width":800,"height":800},{"@type":"BreadcrumbList","@id":"https:\/\/snacksus.shop\/product\/sophia-ecouteurs-bluetooth-sans-fil-etanches-ipx8-lecteur-mp3-hifi-crochet-doreille-sauna-telephone-avec-micro-casque-pour-la-natation-2\/#breadcrumb","itemListElement":[{"@type":"ListItem","position":1,"name":"\u9996\u9875","item":"https:\/\/snacksus.shop\/"},{"@type":"ListItem","position":2,"name":"Shop","item":"https:\/\/snacksus.shop\/shop\/"},{"@type":"ListItem","position":3,"name":"Sophia-\u00c9couteurs Bluetooth sans fil \u00e9tanches IPX8, lecteur MP3, Hifi, crochet d&#8217;oreille, sauna, t\u00e9l\u00e9phone avec micro, casque pour la natation"}]},{"@type":"WebSite","@id":"https:\/\/snacksus.shop\/#website","url":"https:\/\/snacksus.shop\/","name":"snacksus","description":"Less price, more smile","potentialAction":[{"@type":"SearchAction","target":{"@type":"EntryPoint","urlTemplate":"https:\/\/snacksus.shop\/?s={search_term_string}"},"query-input":{"@type":"PropertyValueSpecification","valueRequired":true,"valueName":"search_term_string"}}],"inLanguage":"es-AR"}]}},"_links":{"self":[{"href":"https:\/\/snacksus.shop\/es\/wp-json\/wp\/v2\/product\/19442","targetHints":{"allow":["GET"]}}],"collection":[{"href":"https:\/\/snacksus.shop\/es\/wp-json\/wp\/v2\/product"}],"about":[{"href":"https:\/\/snacksus.shop\/es\/wp-json\/wp\/v2\/types\/product"}],"replies":[{"embeddable":true,"href":"https:\/\/snacksus.shop\/es\/wp-json\/wp\/v2\/comments?post=19442"}],"version-history":[{"count":1,"href":"https:\/\/snacksus.shop\/es\/wp-json\/wp\/v2\/product\/19442\/revisions"}],"predecessor-version":[{"id":19451,"href":"https:\/\/snacksus.shop\/es\/wp-json\/wp\/v2\/product\/19442\/revisions\/19451"}],"wp:featuredmedia":[{"embeddable":true,"href":"https:\/\/snacksus.shop\/es\/wp-json\/wp\/v2\/media\/18937"}],"wp:attachment":[{"href":"https:\/\/snacksus.shop\/es\/wp-json\/wp\/v2\/media?parent=19442"}],"wp:term":[{"taxonomy":"product_cat","embeddable":true,"href":"https:\/\/snacksus.shop\/es\/wp-json\/wp\/v2\/product_cat?post=19442"},{"taxonomy":"product_tag","embeddable":true,"href":"https:\/\/snacksus.shop\/es\/wp-json\/wp\/v2\/product_tag?post=19442"}],"curies":[{"name":"wp","href":"https:\/\/api.w.org\/{rel}","templated":true}]}}